{"id":45,"date":"2020-11-06T10:34:57","date_gmt":"2020-11-06T09:34:57","guid":{"rendered":"https:\/\/www.lescrisdeparis.fr\/?page_id=45"},"modified":"2020-12-04T17:12:46","modified_gmt":"2020-12-04T16:12:46","slug":"about","status":"publish","type":"page","link":"https:\/\/www.lescrisdeparis.fr\/en\/about\/","title":{"rendered":"About"},"content":{"rendered":"\n<p>Cr\u00e9\u00e9s et imagin\u00e9s par Geoffroy Jourdain, Les Cris de Paris interpr\u00e8tent principalement le r\u00e9pertoire vocal et instrumental du d\u00e9but du XVI<sup>e<\/sup> si\u00e8cle \u00e0 nos jours.<br>Leur d\u00e9marche artistique est le reflet de la richesse et de la vari\u00e9t\u00e9 des parcours des artistes qui participent \u00e0 leurs productions ; ils peuvent \u00eatre trois comme quatre-vingt, avec parmi eux des compositeurs, des arrangeurs, des com\u00e9diens, des metteurs en sc\u00e8ne, des instrumentistes, des danseurs, des directeurs d\u2019ensembles, des chefs de ch\u0153ur, des plasticiens, des cr\u00e9ateurs sonores, des p\u00e9dagogues\u2026<br>Curieux et passionn\u00e9s, ils s\u2019investissent avec la m\u00eame audace dans la red\u00e9couverte d\u2019\u0153uvres m\u00e9connues que dans l\u2019exploration des potentialit\u00e9s de la voix au sein de la cr\u00e9ation contemporaine.<br>Leurs projets musicaux prennent place dans le cadre de concerts, de performances, mais \u00e9galement au sein de productions sc\u00e9niques m\u00ealant plusieurs formes artistiques (th\u00e9\u00e2tre, danse, lecture..).<br>La plupart des cr\u00e9ations qui jalonnent les saisons culturelles des Cris de Paris m\u00ealent la musique contemporaine \u00e0 la musique ancienne, les musiques actuelles \u00e0 la musique baroque et romantique\u2026<\/p>\n","protected":false},"excerpt":{"rendered":"<p>Cr\u00e9\u00e9s et imagin\u00e9s par Geoffroy Jourdain, Les Cris de Paris interpr\u00e8tent principalement le r\u00e9pertoire vocal et instrumental du d\u00e9but du XVIe si\u00e8cle \u00e0 nos jours.Leur d\u00e9marche artistique est le reflet de la richesse et de la vari\u00e9t\u00e9 des parcours des artistes qui participent \u00e0 leurs productions ; ils peuvent \u00eatre trois comme quatre-vingt, avec parmi [&hellip;]<\/p>\n","protected":false},"author":1,"featured_media":0,"parent":0,"menu_order":0,"comment_status":"closed","ping_status":"closed","template":"template-pages\/template-page-detailed.php","meta":{"_acf_changed":false,"footnotes":""},"class_list":["post-45","page","type-page","status-publish","hentry"],"acf":false,"yoast_head":"<!-- This site is optimized with the Yoast SEO plugin v26.6 - https:\/\/yoast.com\/wordpress\/plugins\/seo\/ -->\n<title>About - Les Cris de Paris<\/title>\n<meta name=\"robots\" content=\"index, follow, max-snippet:-1, max-image-preview:large, max-video-preview:-1\" \/>\n<link rel=\"canonical\" href=\"https:\/\/www.lescrisdeparis.fr\/en\/about\/\" \/>\n<meta property=\"og:locale\" content=\"en_US\" \/>\n<meta property=\"og:type\" content=\"article\" \/>\n<meta property=\"og:title\" content=\"About - Les Cris de Paris\" \/>\n<meta property=\"og:description\" content=\"Cr\u00e9\u00e9s et imagin\u00e9s par Geoffroy Jourdain, Les Cris de Paris interpr\u00e8tent principalement le r\u00e9pertoire vocal et instrumental du d\u00e9but du XVIe si\u00e8cle \u00e0 nos jours.Leur d\u00e9marche artistique est le reflet de la richesse et de la vari\u00e9t\u00e9 des parcours des artistes qui participent \u00e0 leurs productions ; ils peuvent \u00eatre trois comme quatre-vingt, avec parmi [&hellip;]\" \/>\n<meta property=\"og:url\" content=\"https:\/\/www.lescrisdeparis.fr\/en\/about\/\" \/>\n<meta property=\"og:site_name\" content=\"Les Cris de Paris\" \/>\n<meta property=\"article:publisher\" content=\"https:\/\/www.facebook.com\/LesCrisdeParisGeoffroyJourdain\/\" \/>\n<meta property=\"article:modified_time\" content=\"2020-12-04T16:12:46+00:00\" \/>\n<meta property=\"og:image\" content=\"https:\/\/www.lescrisdeparis.fr\/wp-content\/uploads\/2020\/12\/logo.png\" \/>\n\t<meta property=\"og:image:width\" content=\"5632\" \/>\n\t<meta property=\"og:image:height\" content=\"1580\" \/>\n\t<meta property=\"og:image:type\" content=\"image\/png\" \/>\n<meta name=\"twitter:card\" content=\"summary_large_image\" \/>\n<meta name=\"twitter:site\" content=\"@lescrisdeparis\" \/>\n<meta name=\"twitter:label1\" content=\"Est. reading time\" \/>\n\t<meta name=\"twitter:data1\" content=\"1 minute\" \/>\n<script type=\"application\/ld+json\" class=\"yoast-schema-graph\">{\"@context\":\"https:\/\/schema.org\",\"@graph\":[{\"@type\":\"WebPage\",\"@id\":\"https:\/\/www.lescrisdeparis.fr\/en\/about\/\",\"url\":\"https:\/\/www.lescrisdeparis.fr\/en\/about\/\",\"name\":\"About - Les Cris de Paris\",\"isPartOf\":{\"@id\":\"https:\/\/www.lescrisdeparis.fr\/#website\"},\"datePublished\":\"2020-11-06T09:34:57+00:00\",\"dateModified\":\"2020-12-04T16:12:46+00:00\",\"breadcrumb\":{\"@id\":\"https:\/\/www.lescrisdeparis.fr\/en\/about\/#breadcrumb\"},\"inLanguage\":\"en-US\",\"potentialAction\":[{\"@type\":\"ReadAction\",\"target\":[\"https:\/\/www.lescrisdeparis.fr\/en\/about\/\"]}]},{\"@type\":\"BreadcrumbList\",\"@id\":\"https:\/\/www.lescrisdeparis.fr\/en\/about\/#breadcrumb\",\"itemListElement\":[{\"@type\":\"ListItem\",\"position\":1,\"name\":\"Accueil\",\"item\":\"https:\/\/www.lescrisdeparis.fr\/en\/\"},{\"@type\":\"ListItem\",\"position\":2,\"name\":\"About\"}]},{\"@type\":\"WebSite\",\"@id\":\"https:\/\/www.lescrisdeparis.fr\/#website\",\"url\":\"https:\/\/www.lescrisdeparis.fr\/\",\"name\":\"Les Cris de Paris\",\"description\":\"Direction Geoffroy Jourdain\",\"potentialAction\":[{\"@type\":\"SearchAction\",\"target\":{\"@type\":\"EntryPoint\",\"urlTemplate\":\"https:\/\/www.lescrisdeparis.fr\/?s={search_term_string}\"},\"query-input\":{\"@type\":\"PropertyValueSpecification\",\"valueRequired\":true,\"valueName\":\"search_term_string\"}}],\"inLanguage\":\"en-US\"}]}<\/script>\n<!-- \/ Yoast SEO plugin. -->","yoast_head_json":{"title":"About - Les Cris de Paris","robots":{"index":"index","follow":"follow","max-snippet":"max-snippet:-1","max-image-preview":"max-image-preview:large","max-video-preview":"max-video-preview:-1"},"canonical":"https:\/\/www.lescrisdeparis.fr\/en\/about\/","og_locale":"en_US","og_type":"article","og_title":"About - Les Cris de Paris","og_description":"Cr\u00e9\u00e9s et imagin\u00e9s par Geoffroy Jourdain, Les Cris de Paris interpr\u00e8tent principalement le r\u00e9pertoire vocal et instrumental du d\u00e9but du XVIe si\u00e8cle \u00e0 nos jours.Leur d\u00e9marche artistique est le reflet de la richesse et de la vari\u00e9t\u00e9 des parcours des artistes qui participent \u00e0 leurs productions ; ils peuvent \u00eatre trois comme quatre-vingt, avec parmi [&hellip;]","og_url":"https:\/\/www.lescrisdeparis.fr\/en\/about\/","og_site_name":"Les Cris de Paris","article_publisher":"https:\/\/www.facebook.com\/LesCrisdeParisGeoffroyJourdain\/","article_modified_time":"2020-12-04T16:12:46+00:00","og_image":[{"width":5632,"height":1580,"url":"https:\/\/www.lescrisdeparis.fr\/wp-content\/uploads\/2020\/12\/logo.png","type":"image\/png"}],"twitter_card":"summary_large_image","twitter_site":"@lescrisdeparis","twitter_misc":{"Est. reading time":"1 minute"},"schema":{"@context":"https:\/\/schema.org","@graph":[{"@type":"WebPage","@id":"https:\/\/www.lescrisdeparis.fr\/en\/about\/","url":"https:\/\/www.lescrisdeparis.fr\/en\/about\/","name":"About - Les Cris de Paris","isPartOf":{"@id":"https:\/\/www.lescrisdeparis.fr\/#website"},"datePublished":"2020-11-06T09:34:57+00:00","dateModified":"2020-12-04T16:12:46+00:00","breadcrumb":{"@id":"https:\/\/www.lescrisdeparis.fr\/en\/about\/#breadcrumb"},"inLanguage":"en-US","potentialAction":[{"@type":"ReadAction","target":["https:\/\/www.lescrisdeparis.fr\/en\/about\/"]}]},{"@type":"BreadcrumbList","@id":"https:\/\/www.lescrisdeparis.fr\/en\/about\/#breadcrumb","itemListElement":[{"@type":"ListItem","position":1,"name":"Accueil","item":"https:\/\/www.lescrisdeparis.fr\/en\/"},{"@type":"ListItem","position":2,"name":"About"}]},{"@type":"WebSite","@id":"https:\/\/www.lescrisdeparis.fr\/#website","url":"https:\/\/www.lescrisdeparis.fr\/","name":"Les Cris de Paris","description":"Direction Geoffroy Jourdain","potentialAction":[{"@type":"SearchAction","target":{"@type":"EntryPoint","urlTemplate":"https:\/\/www.lescrisdeparis.fr\/?s={search_term_string}"},"query-input":{"@type":"PropertyValueSpecification","valueRequired":true,"valueName":"search_term_string"}}],"inLanguage":"en-US"}]}},"_links":{"self":[{"href":"https:\/\/www.lescrisdeparis.fr\/en\/wp-json\/wp\/v2\/pages\/45","targetHints":{"allow":["GET"]}}],"collection":[{"href":"https:\/\/www.lescrisdeparis.fr\/en\/wp-json\/wp\/v2\/pages"}],"about":[{"href":"https:\/\/www.lescrisdeparis.fr\/en\/wp-json\/wp\/v2\/types\/page"}],"author":[{"embeddable":true,"href":"https:\/\/www.lescrisdeparis.fr\/en\/wp-json\/wp\/v2\/users\/1"}],"replies":[{"embeddable":true,"href":"https:\/\/www.lescrisdeparis.fr\/en\/wp-json\/wp\/v2\/comments?post=45"}],"version-history":[{"count":2,"href":"https:\/\/www.lescrisdeparis.fr\/en\/wp-json\/wp\/v2\/pages\/45\/revisions"}],"predecessor-version":[{"id":355,"href":"https:\/\/www.lescrisdeparis.fr\/en\/wp-json\/wp\/v2\/pages\/45\/revisions\/355"}],"wp:attachment":[{"href":"https:\/\/www.lescrisdeparis.fr\/en\/wp-json\/wp\/v2\/media?parent=45"}],"curies":[{"name":"wp","href":"https:\/\/api.w.org\/{rel}","templated":true}]}}