{"id":332,"date":"2020-12-01T13:23:54","date_gmt":"2020-12-01T12:23:54","guid":{"rendered":"https:\/\/www.lescrisdeparis.fr\/geoffroy-jourdain\/"},"modified":"2023-03-15T11:12:04","modified_gmt":"2023-03-15T10:12:04","slug":"geoffroy-jourdain","status":"publish","type":"page","link":"https:\/\/www.lescrisdeparis.fr\/en\/geoffroy-jourdain\/","title":{"rendered":"Geoffroy Jourdain"},"content":{"rendered":"\n<div class=\"wp-block-group\"><div class=\"wp-block-group__inner-container is-layout-flow wp-block-group-is-layout-flow\">\n<div class=\"wp-block-group\"><div class=\"wp-block-group__inner-container is-layout-flow wp-block-group-is-layout-flow\">\n<h2 class=\"wp-block-heading\">Directeur artistique<\/h2>\n\n\n\n<p>Parall\u00e8lement \u00e0 des \u00e9tudes de musicologie en Sorbonne et \u00e0 des recherches dans les fonds musicaux italiens de plusieurs biblioth\u00e8ques europ\u00e9ennes, Geoffroy Jourdain s\u2019implique tr\u00e8s t\u00f4t dans la direction d\u2019ensembles vocaux et fonde, alors qu\u2019il est encore \u00e9tudiant, Les Cris de Paris, rapidement reconnus pour l\u2019audace de leur projet artistique et pour leur investissement en faveur de la cr\u00e9ation contemporaine. Il se passionne \u00e9galement pour le r\u00e9pertoire des XVII<sup>e<\/sup> et XVIII<sup>e<\/sup> si\u00e8cles et l\u2019ethnomusicologie.<\/p>\n\n\n\n<p>En compagnie d&#8217;artistes issus de diff\u00e9rentes pratiques (th\u00e9\u00e2tre, danse, arts plastiques, vid\u00e9o&#8230;), il s&#8217;int\u00e9resse&nbsp;\u00e0 la place de la musique sur sc\u00e8ne, et aux conventions du concert.&nbsp;<\/p>\n\n\n\n<p>De 2002 \u00e0 2010, il a co-dirig\u00e9 le jeune ch\u0153ur de Paris avec Laurence Equilbey et le Ch\u0153ur de l\u2019Orchestre de Paris avec Didier Bouture.<\/p>\n\n\n\n<p>Il partage son activit\u00e9 entre sa compagnie et des invitations \u00e0 diriger d\u2019autres formations : l\u2019ensemble Capella Amsterdam, l\u2019Orchestre Symphonique de Colombie (Bogot\u00e1), le ch\u0153ur de l\u2019Orchestre Symphonique de S\u00e3o Paulo\u2026<\/p>\n\n\n\n<p>Pour l\u2019Acad\u00e9mie de l\u2019Op\u00e9ra de Paris, il a dirig\u00e9\u00a0<em>Orph\u00e9e et Eurydice<\/em>\u00a0puis\u00a0<em>Iphig\u00e9nie en Tauride<\/em>\u00a0de Gluck, ainsi que <em>L<\/em>\u2019<em>Orfeo<\/em>\u00a0de Monteverdi. En collaboration avec l\u2019orchestre Les Si\u00e8cles,\u00a0<em>Isra\u00ebl in Egypt<\/em>\u00a0de Haendel\u00a0; avec l\u2019ensemble 2e2m, l\u2019op\u00e9ra\u00a0<em>Cachafaz<\/em>\u00a0d\u2019Oscar Strasnoy.<\/p>\n\n\n\n<p>La formation de jeunes interpr\u00e8tes et compositeurs est \u00e9galement au c\u0153ur de ses pr\u00e9occupations. Il intervient r\u00e9guli\u00e8rement aupr\u00e8s des \u00e9tudiants en direction de ch\u0153urs du Conservatoire National Sup\u00e9rieur de Musique de Lyon. Il dirige l\u2019Acad\u00e9mie eeemerging+ \u00e0 Ambronay en 2021, et fonde la m\u00eame ann\u00e9e le dispositif A\u30fbV\u30fbE\u30fbC (Ateliers Voix Et&nbsp;Composition) d\u00e9di\u00e9 \u00e0 la jeune cr\u00e9ation.<\/p>\n<\/div><\/div>\n<\/div><\/div>\n","protected":false},"excerpt":{"rendered":"<p>Directeur artistique Parall\u00e8lement \u00e0 des \u00e9tudes de musicologie en Sorbonne et \u00e0 des recherches dans les fonds musicaux italiens de plusieurs biblioth\u00e8ques europ\u00e9ennes, Geoffroy Jourdain s\u2019implique tr\u00e8s t\u00f4t dans la direction d\u2019ensembles vocaux et fonde, alors qu\u2019il est encore \u00e9tudiant, Les Cris de Paris, rapidement reconnus pour l\u2019audace de leur projet artistique et pour leur [&hellip;]<\/p>\n","protected":false},"author":1,"featured_media":0,"parent":0,"menu_order":0,"comment_status":"closed","ping_status":"closed","template":"","meta":{"_acf_changed":false,"footnotes":""},"class_list":["post-332","page","type-page","status-publish","hentry"],"acf":false,"yoast_head":"<!-- This site is optimized with the Yoast SEO plugin v26.6 - https:\/\/yoast.com\/wordpress\/plugins\/seo\/ -->\n<title>Geoffroy Jourdain - Les Cris de Paris<\/title>\n<meta name=\"robots\" content=\"index, follow, max-snippet:-1, max-image-preview:large, max-video-preview:-1\" \/>\n<link rel=\"canonical\" href=\"https:\/\/www.lescrisdeparis.fr\/en\/geoffroy-jourdain\/\" \/>\n<meta property=\"og:locale\" content=\"en_US\" \/>\n<meta property=\"og:type\" content=\"article\" \/>\n<meta property=\"og:title\" content=\"Geoffroy Jourdain - Les Cris de Paris\" \/>\n<meta property=\"og:description\" content=\"Directeur artistique Parall\u00e8lement \u00e0 des \u00e9tudes de musicologie en Sorbonne et \u00e0 des recherches dans les fonds musicaux italiens de plusieurs biblioth\u00e8ques europ\u00e9ennes, Geoffroy Jourdain s\u2019implique tr\u00e8s t\u00f4t dans la direction d\u2019ensembles vocaux et fonde, alors qu\u2019il est encore \u00e9tudiant, Les Cris de Paris, rapidement reconnus pour l\u2019audace de leur projet artistique et pour leur [&hellip;]\" \/>\n<meta property=\"og:url\" content=\"https:\/\/www.lescrisdeparis.fr\/en\/geoffroy-jourdain\/\" \/>\n<meta property=\"og:site_name\" content=\"Les Cris de Paris\" \/>\n<meta property=\"article:publisher\" content=\"https:\/\/www.facebook.com\/LesCrisdeParisGeoffroyJourdain\/\" \/>\n<meta property=\"article:modified_time\" content=\"2023-03-15T10:12:04+00:00\" \/>\n<meta property=\"og:image\" content=\"https:\/\/www.lescrisdeparis.fr\/wp-content\/uploads\/2020\/12\/logo.png\" \/>\n\t<meta property=\"og:image:width\" content=\"5632\" \/>\n\t<meta property=\"og:image:height\" content=\"1580\" \/>\n\t<meta property=\"og:image:type\" content=\"image\/png\" \/>\n<meta name=\"twitter:card\" content=\"summary_large_image\" \/>\n<meta name=\"twitter:site\" content=\"@lescrisdeparis\" \/>\n<meta name=\"twitter:label1\" content=\"Est. reading time\" \/>\n\t<meta name=\"twitter:data1\" content=\"2 minutes\" \/>\n<script type=\"application\/ld+json\" class=\"yoast-schema-graph\">{\"@context\":\"https:\/\/schema.org\",\"@graph\":[{\"@type\":\"WebPage\",\"@id\":\"https:\/\/www.lescrisdeparis.fr\/en\/geoffroy-jourdain\/\",\"url\":\"https:\/\/www.lescrisdeparis.fr\/en\/geoffroy-jourdain\/\",\"name\":\"Geoffroy Jourdain - Les Cris de Paris\",\"isPartOf\":{\"@id\":\"https:\/\/www.lescrisdeparis.fr\/#website\"},\"datePublished\":\"2020-12-01T12:23:54+00:00\",\"dateModified\":\"2023-03-15T10:12:04+00:00\",\"breadcrumb\":{\"@id\":\"https:\/\/www.lescrisdeparis.fr\/en\/geoffroy-jourdain\/#breadcrumb\"},\"inLanguage\":\"en-US\",\"potentialAction\":[{\"@type\":\"ReadAction\",\"target\":[\"https:\/\/www.lescrisdeparis.fr\/en\/geoffroy-jourdain\/\"]}]},{\"@type\":\"BreadcrumbList\",\"@id\":\"https:\/\/www.lescrisdeparis.fr\/en\/geoffroy-jourdain\/#breadcrumb\",\"itemListElement\":[{\"@type\":\"ListItem\",\"position\":1,\"name\":\"Accueil\",\"item\":\"https:\/\/www.lescrisdeparis.fr\/en\/\"},{\"@type\":\"ListItem\",\"position\":2,\"name\":\"Geoffroy Jourdain\"}]},{\"@type\":\"WebSite\",\"@id\":\"https:\/\/www.lescrisdeparis.fr\/#website\",\"url\":\"https:\/\/www.lescrisdeparis.fr\/\",\"name\":\"Les Cris de Paris\",\"description\":\"Direction Geoffroy Jourdain\",\"potentialAction\":[{\"@type\":\"SearchAction\",\"target\":{\"@type\":\"EntryPoint\",\"urlTemplate\":\"https:\/\/www.lescrisdeparis.fr\/?s={search_term_string}\"},\"query-input\":{\"@type\":\"PropertyValueSpecification\",\"valueRequired\":true,\"valueName\":\"search_term_string\"}}],\"inLanguage\":\"en-US\"}]}<\/script>\n<!-- \/ Yoast SEO plugin. -->","yoast_head_json":{"title":"Geoffroy Jourdain - Les Cris de Paris","robots":{"index":"index","follow":"follow","max-snippet":"max-snippet:-1","max-image-preview":"max-image-preview:large","max-video-preview":"max-video-preview:-1"},"canonical":"https:\/\/www.lescrisdeparis.fr\/en\/geoffroy-jourdain\/","og_locale":"en_US","og_type":"article","og_title":"Geoffroy Jourdain - Les Cris de Paris","og_description":"Directeur artistique Parall\u00e8lement \u00e0 des \u00e9tudes de musicologie en Sorbonne et \u00e0 des recherches dans les fonds musicaux italiens de plusieurs biblioth\u00e8ques europ\u00e9ennes, Geoffroy Jourdain s\u2019implique tr\u00e8s t\u00f4t dans la direction d\u2019ensembles vocaux et fonde, alors qu\u2019il est encore \u00e9tudiant, Les Cris de Paris, rapidement reconnus pour l\u2019audace de leur projet artistique et pour leur [&hellip;]","og_url":"https:\/\/www.lescrisdeparis.fr\/en\/geoffroy-jourdain\/","og_site_name":"Les Cris de Paris","article_publisher":"https:\/\/www.facebook.com\/LesCrisdeParisGeoffroyJourdain\/","article_modified_time":"2023-03-15T10:12:04+00:00","og_image":[{"width":5632,"height":1580,"url":"https:\/\/www.lescrisdeparis.fr\/wp-content\/uploads\/2020\/12\/logo.png","type":"image\/png"}],"twitter_card":"summary_large_image","twitter_site":"@lescrisdeparis","twitter_misc":{"Est. reading time":"2 minutes"},"schema":{"@context":"https:\/\/schema.org","@graph":[{"@type":"WebPage","@id":"https:\/\/www.lescrisdeparis.fr\/en\/geoffroy-jourdain\/","url":"https:\/\/www.lescrisdeparis.fr\/en\/geoffroy-jourdain\/","name":"Geoffroy Jourdain - Les Cris de Paris","isPartOf":{"@id":"https:\/\/www.lescrisdeparis.fr\/#website"},"datePublished":"2020-12-01T12:23:54+00:00","dateModified":"2023-03-15T10:12:04+00:00","breadcrumb":{"@id":"https:\/\/www.lescrisdeparis.fr\/en\/geoffroy-jourdain\/#breadcrumb"},"inLanguage":"en-US","potentialAction":[{"@type":"ReadAction","target":["https:\/\/www.lescrisdeparis.fr\/en\/geoffroy-jourdain\/"]}]},{"@type":"BreadcrumbList","@id":"https:\/\/www.lescrisdeparis.fr\/en\/geoffroy-jourdain\/#breadcrumb","itemListElement":[{"@type":"ListItem","position":1,"name":"Accueil","item":"https:\/\/www.lescrisdeparis.fr\/en\/"},{"@type":"ListItem","position":2,"name":"Geoffroy Jourdain"}]},{"@type":"WebSite","@id":"https:\/\/www.lescrisdeparis.fr\/#website","url":"https:\/\/www.lescrisdeparis.fr\/","name":"Les Cris de Paris","description":"Direction Geoffroy Jourdain","potentialAction":[{"@type":"SearchAction","target":{"@type":"EntryPoint","urlTemplate":"https:\/\/www.lescrisdeparis.fr\/?s={search_term_string}"},"query-input":{"@type":"PropertyValueSpecification","valueRequired":true,"valueName":"search_term_string"}}],"inLanguage":"en-US"}]}},"_links":{"self":[{"href":"https:\/\/www.lescrisdeparis.fr\/en\/wp-json\/wp\/v2\/pages\/332","targetHints":{"allow":["GET"]}}],"collection":[{"href":"https:\/\/www.lescrisdeparis.fr\/en\/wp-json\/wp\/v2\/pages"}],"about":[{"href":"https:\/\/www.lescrisdeparis.fr\/en\/wp-json\/wp\/v2\/types\/page"}],"author":[{"embeddable":true,"href":"https:\/\/www.lescrisdeparis.fr\/en\/wp-json\/wp\/v2\/users\/1"}],"replies":[{"embeddable":true,"href":"https:\/\/www.lescrisdeparis.fr\/en\/wp-json\/wp\/v2\/comments?post=332"}],"version-history":[{"count":1,"href":"https:\/\/www.lescrisdeparis.fr\/en\/wp-json\/wp\/v2\/pages\/332\/revisions"}],"predecessor-version":[{"id":644,"href":"https:\/\/www.lescrisdeparis.fr\/en\/wp-json\/wp\/v2\/pages\/332\/revisions\/644"}],"wp:attachment":[{"href":"https:\/\/www.lescrisdeparis.fr\/en\/wp-json\/wp\/v2\/media?parent=332"}],"curies":[{"name":"wp","href":"https:\/\/api.w.org\/{rel}","templated":true}]}}