{"id":115,"date":"2020-11-11T16:35:11","date_gmt":"2020-11-11T15:35:11","guid":{"rendered":"https:\/\/www.lescrisdeparis.fr\/partenaires\/"},"modified":"2020-12-04T17:15:22","modified_gmt":"2020-12-04T16:15:22","slug":"partners","status":"publish","type":"page","link":"https:\/\/www.lescrisdeparis.fr\/en\/partners\/","title":{"rendered":"Partners"},"content":{"rendered":"\n<h2 class=\"wp-block-heading\">Soutiens<\/h2>\n\n\n\n<p>Pour l\u2019ensemble de leurs&nbsp;activit\u00e9s,&nbsp;Les Cris de Paris sont aid\u00e9s par le Minist\u00e8re de la Culture &#8211; D.R.A.C. \u00cele de France, par la R\u00e9gion \u00cele de France ainsi que par la Ville de Paris.<\/p>\n\n\n\n<p>Laur\u00e9ats du Prix Liliane Bettencourt pour le chant choral en 2013, Les Cris de Paris ont \u00e9t\u00e9 r\u00e9cemment soutenus par la Fondation Bettencourt Schueller, ainsi que par M\u00e9c\u00e9nat Musical Soci\u00e9t\u00e9 G\u00e9n\u00e9rale.<\/p>\n\n\n\n<p>Ils b\u00e9n\u00e9ficient \u00e9galement d\u2019un soutien annuel de la SACEM,&nbsp;et du soutien&nbsp;ponctuel&nbsp;de&nbsp;la SPEDIDAM, de l\u2019ADAMI,&nbsp;et de l\u2019Institut Fran\u00e7ais.<\/p>\n\n\n\n<p>Les Cris de Paris&nbsp;sont membres du r\u00e9seau Futurs Compos\u00e9s, de la FEVIS, et du Profedim.<\/p>\n\n\n\n<p><\/p>\n\n\n\n<h2 class=\"wp-block-heading\">R\u00e9sidences<\/h2>\n\n\n\n<p>Les Cris de Paris ont entam\u00e9 une r\u00e9sidence \u00e0 l\u2019automne 2012 \u00e0 la&nbsp;Fondation Singer-Polignac, en tant qu\u2019artistes associ\u00e9s.<\/p>\n\n\n\n<p>Ils sont en r\u00e9sidence \u00e0 L&#8217;Op\u00e9ra de Reims depuis 2015. <\/p>\n\n\n\n<p>Depuis 2019, ils sont Artistes associ\u00e9s du Th\u00e9\u00e2tre de Saint-Quentin-en-Yvelines. <\/p>\n","protected":false},"excerpt":{"rendered":"<p>Soutiens Pour l\u2019ensemble de leurs&nbsp;activit\u00e9s,&nbsp;Les Cris de Paris sont aid\u00e9s par le Minist\u00e8re de la Culture &#8211; D.R.A.C. \u00cele de France, par la R\u00e9gion \u00cele de France ainsi que par la Ville de Paris. Laur\u00e9ats du Prix Liliane Bettencourt pour le chant choral en 2013, Les Cris de Paris ont \u00e9t\u00e9 r\u00e9cemment soutenus par la [&hellip;]<\/p>\n","protected":false},"author":1,"featured_media":0,"parent":0,"menu_order":0,"comment_status":"closed","ping_status":"closed","template":"template-pages\/template-page-detailed.php","meta":{"_acf_changed":false,"footnotes":""},"class_list":["post-115","page","type-page","status-publish","hentry"],"acf":false,"yoast_head":"<!-- This site is optimized with the Yoast SEO plugin v26.6 - https:\/\/yoast.com\/wordpress\/plugins\/seo\/ -->\n<title>Partners - Les Cris de Paris<\/title>\n<meta name=\"robots\" content=\"index, follow, max-snippet:-1, max-image-preview:large, max-video-preview:-1\" \/>\n<link rel=\"canonical\" href=\"https:\/\/www.lescrisdeparis.fr\/en\/partners\/\" \/>\n<meta property=\"og:locale\" content=\"en_US\" \/>\n<meta property=\"og:type\" content=\"article\" \/>\n<meta property=\"og:title\" content=\"Partners - Les Cris de Paris\" \/>\n<meta property=\"og:description\" content=\"Soutiens Pour l\u2019ensemble de leurs&nbsp;activit\u00e9s,&nbsp;Les Cris de Paris sont aid\u00e9s par le Minist\u00e8re de la Culture &#8211; D.R.A.C. \u00cele de France, par la R\u00e9gion \u00cele de France ainsi que par la Ville de Paris. Laur\u00e9ats du Prix Liliane Bettencourt pour le chant choral en 2013, Les Cris de Paris ont \u00e9t\u00e9 r\u00e9cemment soutenus par la [&hellip;]\" \/>\n<meta property=\"og:url\" content=\"https:\/\/www.lescrisdeparis.fr\/en\/partners\/\" \/>\n<meta property=\"og:site_name\" content=\"Les Cris de Paris\" \/>\n<meta property=\"article:publisher\" content=\"https:\/\/www.facebook.com\/LesCrisdeParisGeoffroyJourdain\/\" \/>\n<meta property=\"article:modified_time\" content=\"2020-12-04T16:15:22+00:00\" \/>\n<meta property=\"og:image\" content=\"https:\/\/www.lescrisdeparis.fr\/wp-content\/uploads\/2020\/12\/logo.png\" \/>\n\t<meta property=\"og:image:width\" content=\"5632\" \/>\n\t<meta property=\"og:image:height\" content=\"1580\" \/>\n\t<meta property=\"og:image:type\" content=\"image\/png\" \/>\n<meta name=\"twitter:card\" content=\"summary_large_image\" \/>\n<meta name=\"twitter:site\" content=\"@lescrisdeparis\" \/>\n<meta name=\"twitter:label1\" content=\"Est. reading time\" \/>\n\t<meta name=\"twitter:data1\" content=\"1 minute\" \/>\n<script type=\"application\/ld+json\" class=\"yoast-schema-graph\">{\"@context\":\"https:\/\/schema.org\",\"@graph\":[{\"@type\":\"WebPage\",\"@id\":\"https:\/\/www.lescrisdeparis.fr\/en\/partners\/\",\"url\":\"https:\/\/www.lescrisdeparis.fr\/en\/partners\/\",\"name\":\"Partners - Les Cris de Paris\",\"isPartOf\":{\"@id\":\"https:\/\/www.lescrisdeparis.fr\/#website\"},\"datePublished\":\"2020-11-11T15:35:11+00:00\",\"dateModified\":\"2020-12-04T16:15:22+00:00\",\"breadcrumb\":{\"@id\":\"https:\/\/www.lescrisdeparis.fr\/en\/partners\/#breadcrumb\"},\"inLanguage\":\"en-US\",\"potentialAction\":[{\"@type\":\"ReadAction\",\"target\":[\"https:\/\/www.lescrisdeparis.fr\/en\/partners\/\"]}]},{\"@type\":\"BreadcrumbList\",\"@id\":\"https:\/\/www.lescrisdeparis.fr\/en\/partners\/#breadcrumb\",\"itemListElement\":[{\"@type\":\"ListItem\",\"position\":1,\"name\":\"Accueil\",\"item\":\"https:\/\/www.lescrisdeparis.fr\/en\/\"},{\"@type\":\"ListItem\",\"position\":2,\"name\":\"Partners\"}]},{\"@type\":\"WebSite\",\"@id\":\"https:\/\/www.lescrisdeparis.fr\/#website\",\"url\":\"https:\/\/www.lescrisdeparis.fr\/\",\"name\":\"Les Cris de Paris\",\"description\":\"Direction Geoffroy Jourdain\",\"potentialAction\":[{\"@type\":\"SearchAction\",\"target\":{\"@type\":\"EntryPoint\",\"urlTemplate\":\"https:\/\/www.lescrisdeparis.fr\/?s={search_term_string}\"},\"query-input\":{\"@type\":\"PropertyValueSpecification\",\"valueRequired\":true,\"valueName\":\"search_term_string\"}}],\"inLanguage\":\"en-US\"}]}<\/script>\n<!-- \/ Yoast SEO plugin. -->","yoast_head_json":{"title":"Partners - Les Cris de Paris","robots":{"index":"index","follow":"follow","max-snippet":"max-snippet:-1","max-image-preview":"max-image-preview:large","max-video-preview":"max-video-preview:-1"},"canonical":"https:\/\/www.lescrisdeparis.fr\/en\/partners\/","og_locale":"en_US","og_type":"article","og_title":"Partners - Les Cris de Paris","og_description":"Soutiens Pour l\u2019ensemble de leurs&nbsp;activit\u00e9s,&nbsp;Les Cris de Paris sont aid\u00e9s par le Minist\u00e8re de la Culture &#8211; D.R.A.C. \u00cele de France, par la R\u00e9gion \u00cele de France ainsi que par la Ville de Paris. Laur\u00e9ats du Prix Liliane Bettencourt pour le chant choral en 2013, Les Cris de Paris ont \u00e9t\u00e9 r\u00e9cemment soutenus par la [&hellip;]","og_url":"https:\/\/www.lescrisdeparis.fr\/en\/partners\/","og_site_name":"Les Cris de Paris","article_publisher":"https:\/\/www.facebook.com\/LesCrisdeParisGeoffroyJourdain\/","article_modified_time":"2020-12-04T16:15:22+00:00","og_image":[{"width":5632,"height":1580,"url":"https:\/\/www.lescrisdeparis.fr\/wp-content\/uploads\/2020\/12\/logo.png","type":"image\/png"}],"twitter_card":"summary_large_image","twitter_site":"@lescrisdeparis","twitter_misc":{"Est. reading time":"1 minute"},"schema":{"@context":"https:\/\/schema.org","@graph":[{"@type":"WebPage","@id":"https:\/\/www.lescrisdeparis.fr\/en\/partners\/","url":"https:\/\/www.lescrisdeparis.fr\/en\/partners\/","name":"Partners - Les Cris de Paris","isPartOf":{"@id":"https:\/\/www.lescrisdeparis.fr\/#website"},"datePublished":"2020-11-11T15:35:11+00:00","dateModified":"2020-12-04T16:15:22+00:00","breadcrumb":{"@id":"https:\/\/www.lescrisdeparis.fr\/en\/partners\/#breadcrumb"},"inLanguage":"en-US","potentialAction":[{"@type":"ReadAction","target":["https:\/\/www.lescrisdeparis.fr\/en\/partners\/"]}]},{"@type":"BreadcrumbList","@id":"https:\/\/www.lescrisdeparis.fr\/en\/partners\/#breadcrumb","itemListElement":[{"@type":"ListItem","position":1,"name":"Accueil","item":"https:\/\/www.lescrisdeparis.fr\/en\/"},{"@type":"ListItem","position":2,"name":"Partners"}]},{"@type":"WebSite","@id":"https:\/\/www.lescrisdeparis.fr\/#website","url":"https:\/\/www.lescrisdeparis.fr\/","name":"Les Cris de Paris","description":"Direction Geoffroy Jourdain","potentialAction":[{"@type":"SearchAction","target":{"@type":"EntryPoint","urlTemplate":"https:\/\/www.lescrisdeparis.fr\/?s={search_term_string}"},"query-input":{"@type":"PropertyValueSpecification","valueRequired":true,"valueName":"search_term_string"}}],"inLanguage":"en-US"}]}},"_links":{"self":[{"href":"https:\/\/www.lescrisdeparis.fr\/en\/wp-json\/wp\/v2\/pages\/115","targetHints":{"allow":["GET"]}}],"collection":[{"href":"https:\/\/www.lescrisdeparis.fr\/en\/wp-json\/wp\/v2\/pages"}],"about":[{"href":"https:\/\/www.lescrisdeparis.fr\/en\/wp-json\/wp\/v2\/types\/page"}],"author":[{"embeddable":true,"href":"https:\/\/www.lescrisdeparis.fr\/en\/wp-json\/wp\/v2\/users\/1"}],"replies":[{"embeddable":true,"href":"https:\/\/www.lescrisdeparis.fr\/en\/wp-json\/wp\/v2\/comments?post=115"}],"version-history":[{"count":2,"href":"https:\/\/www.lescrisdeparis.fr\/en\/wp-json\/wp\/v2\/pages\/115\/revisions"}],"predecessor-version":[{"id":357,"href":"https:\/\/www.lescrisdeparis.fr\/en\/wp-json\/wp\/v2\/pages\/115\/revisions\/357"}],"wp:attachment":[{"href":"https:\/\/www.lescrisdeparis.fr\/en\/wp-json\/wp\/v2\/media?parent=115"}],"curies":[{"name":"wp","href":"https:\/\/api.w.org\/{rel}","templated":true}]}}